{"id":33,"date":"2022-08-22T02:40:49","date_gmt":"2022-08-22T02:40:49","guid":{"rendered":"https:\/\/www.jirimacak.cz\/?page_id=33"},"modified":"2024-08-14T05:35:13","modified_gmt":"2024-08-14T05:35:13","slug":"v-jilovem-u-prahy","status":"publish","type":"page","link":"https:\/\/www.jirimacak.cz\/?page_id=33","title":{"rendered":"v J\u00edlov\u00e9m u Prahy"},"content":{"rendered":"\n<figure class=\"wp-block-gallery has-nested-images columns-default is-cropped wp-block-gallery-1 is-layout-flex wp-block-gallery-is-layout-flex\">\n<figure data-wp-context=\"{&quot;imageId&quot;:&quot;69f5b958cdf3b&quot;}\" data-wp-interactive=\"core\/image\" data-wp-key=\"69f5b958cdf3b\" class=\"wp-block-image size-large is-style-rounded wp-lightbox-container\"><img loading=\"lazy\" decoding=\"async\" width=\"1024\" height=\"394\" data-wp-class--hide=\"state.isContentHidden\" data-wp-class--show=\"state.isContentVisible\" data-wp-init=\"callbacks.setButtonStyles\" data-wp-on--click=\"actions.showLightbox\" data-wp-on--load=\"callbacks.setButtonStyles\" data-wp-on-window--resize=\"callbacks.setButtonStyles\" data-id=\"34\" src=\"https:\/\/www.jirimacak.cz\/wp-content\/uploads\/2022\/08\/krajina-jakou-mam-rad-1024x394.jpg\" alt=\"\" class=\"wp-image-34\" srcset=\"https:\/\/www.jirimacak.cz\/wp-content\/uploads\/2022\/08\/krajina-jakou-mam-rad-1024x394.jpg 1024w, https:\/\/www.jirimacak.cz\/wp-content\/uploads\/2022\/08\/krajina-jakou-mam-rad-300x115.jpg 300w, https:\/\/www.jirimacak.cz\/wp-content\/uploads\/2022\/08\/krajina-jakou-mam-rad-768x295.jpg 768w, https:\/\/www.jirimacak.cz\/wp-content\/uploads\/2022\/08\/krajina-jakou-mam-rad-1536x591.jpg 1536w, https:\/\/www.jirimacak.cz\/wp-content\/uploads\/2022\/08\/krajina-jakou-mam-rad-2048x788.jpg 2048w\" sizes=\"auto, (max-width: 1024px) 100vw, 1024px\" \/><button\n\t\t\tclass=\"lightbox-trigger\"\n\t\t\ttype=\"button\"\n\t\t\taria-haspopup=\"dialog\"\n\t\t\taria-label=\"Zv\u011bt\u0161it\"\n\t\t\tdata-wp-init=\"callbacks.initTriggerButton\"\n\t\t\tdata-wp-on--click=\"actions.showLightbox\"\n\t\t\tdata-wp-style--right=\"state.imageButtonRight\"\n\t\t\tdata-wp-style--top=\"state.imageButtonTop\"\n\t\t>\n\t\t\t<svg xmlns=\"http:\/\/www.w3.org\/2000\/svg\" width=\"12\" height=\"12\" fill=\"none\" viewBox=\"0 0 12 12\">\n\t\t\t\t<path fill=\"#fff\" d=\"M2 0a2 2 0 0 0-2 2v2h1.5V2a.5.5 0 0 1 .5-.5h2V0H2Zm2 10.5H2a.5.5 0 0 1-.5-.5V8H0v2a2 2 0 0 0 2 2h2v-1.5ZM8 12v-1.5h2a.5.5 0 0 0 .5-.5V8H12v2a2 2 0 0 1-2 2H8Zm2-12a2 2 0 0 1 2 2v2h-1.5V2a.5.5 0 0 0-.5-.5H8V0h2Z\" \/>\n\t\t\t<\/svg>\n\t\t<\/button><\/figure>\n<\/figure>\n\n\n\n<figure data-wp-context=\"{&quot;imageId&quot;:&quot;69f5b958d0ae8&quot;}\" data-wp-interactive=\"core\/image\" data-wp-key=\"69f5b958d0ae8\" class=\"wp-block-image size-full wp-lightbox-container\"><img loading=\"lazy\" decoding=\"async\" width=\"2560\" height=\"1920\" data-wp-class--hide=\"state.isContentHidden\" data-wp-class--show=\"state.isContentVisible\" data-wp-init=\"callbacks.setButtonStyles\" data-wp-on--click=\"actions.showLightbox\" data-wp-on--load=\"callbacks.setButtonStyles\" data-wp-on-window--resize=\"callbacks.setButtonStyles\" src=\"https:\/\/www.jirimacak.cz\/wp-content\/uploads\/2022\/08\/P1070712_jm2008-scaled.jpg\" alt=\"\" class=\"wp-image-35\" srcset=\"https:\/\/www.jirimacak.cz\/wp-content\/uploads\/2022\/08\/P1070712_jm2008-scaled.jpg 2560w, https:\/\/www.jirimacak.cz\/wp-content\/uploads\/2022\/08\/P1070712_jm2008-300x225.jpg 300w, https:\/\/www.jirimacak.cz\/wp-content\/uploads\/2022\/08\/P1070712_jm2008-1024x768.jpg 1024w, https:\/\/www.jirimacak.cz\/wp-content\/uploads\/2022\/08\/P1070712_jm2008-768x576.jpg 768w, https:\/\/www.jirimacak.cz\/wp-content\/uploads\/2022\/08\/P1070712_jm2008-1536x1152.jpg 1536w, https:\/\/www.jirimacak.cz\/wp-content\/uploads\/2022\/08\/P1070712_jm2008-2048x1536.jpg 2048w\" sizes=\"auto, (max-width: 2560px) 100vw, 2560px\" \/><button\n\t\t\tclass=\"lightbox-trigger\"\n\t\t\ttype=\"button\"\n\t\t\taria-haspopup=\"dialog\"\n\t\t\taria-label=\"Zv\u011bt\u0161it\"\n\t\t\tdata-wp-init=\"callbacks.initTriggerButton\"\n\t\t\tdata-wp-on--click=\"actions.showLightbox\"\n\t\t\tdata-wp-style--right=\"state.imageButtonRight\"\n\t\t\tdata-wp-style--top=\"state.imageButtonTop\"\n\t\t>\n\t\t\t<svg xmlns=\"http:\/\/www.w3.org\/2000\/svg\" width=\"12\" height=\"12\" fill=\"none\" viewBox=\"0 0 12 12\">\n\t\t\t\t<path fill=\"#fff\" d=\"M2 0a2 2 0 0 0-2 2v2h1.5V2a.5.5 0 0 1 .5-.5h2V0H2Zm2 10.5H2a.5.5 0 0 1-.5-.5V8H0v2a2 2 0 0 0 2 2h2v-1.5ZM8 12v-1.5h2a.5.5 0 0 0 .5-.5V8H12v2a2 2 0 0 1-2 2H8Zm2-12a2 2 0 0 1 2 2v2h-1.5V2a.5.5 0 0 0-.5-.5H8V0h2Z\" \/>\n\t\t\t<\/svg>\n\t\t<\/button><\/figure>\n\n\n\n<figure data-wp-context=\"{&quot;imageId&quot;:&quot;69f5b958d133b&quot;}\" data-wp-interactive=\"core\/image\" data-wp-key=\"69f5b958d133b\" class=\"wp-block-image size-full wp-lightbox-container\"><img loading=\"lazy\" decoding=\"async\" width=\"2023\" height=\"1301\" data-wp-class--hide=\"state.isContentHidden\" data-wp-class--show=\"state.isContentVisible\" data-wp-init=\"callbacks.setButtonStyles\" data-wp-on--click=\"actions.showLightbox\" data-wp-on--load=\"callbacks.setButtonStyles\" data-wp-on-window--resize=\"callbacks.setButtonStyles\" src=\"https:\/\/www.jirimacak.cz\/wp-content\/uploads\/2022\/10\/P1110971_.jpg\" alt=\"\" class=\"wp-image-107\" srcset=\"https:\/\/www.jirimacak.cz\/wp-content\/uploads\/2022\/10\/P1110971_.jpg 2023w, https:\/\/www.jirimacak.cz\/wp-content\/uploads\/2022\/10\/P1110971_-300x193.jpg 300w, https:\/\/www.jirimacak.cz\/wp-content\/uploads\/2022\/10\/P1110971_-1024x659.jpg 1024w, https:\/\/www.jirimacak.cz\/wp-content\/uploads\/2022\/10\/P1110971_-768x494.jpg 768w, https:\/\/www.jirimacak.cz\/wp-content\/uploads\/2022\/10\/P1110971_-1536x988.jpg 1536w\" sizes=\"auto, (max-width: 2023px) 100vw, 2023px\" \/><button\n\t\t\tclass=\"lightbox-trigger\"\n\t\t\ttype=\"button\"\n\t\t\taria-haspopup=\"dialog\"\n\t\t\taria-label=\"Zv\u011bt\u0161it\"\n\t\t\tdata-wp-init=\"callbacks.initTriggerButton\"\n\t\t\tdata-wp-on--click=\"actions.showLightbox\"\n\t\t\tdata-wp-style--right=\"state.imageButtonRight\"\n\t\t\tdata-wp-style--top=\"state.imageButtonTop\"\n\t\t>\n\t\t\t<svg xmlns=\"http:\/\/www.w3.org\/2000\/svg\" width=\"12\" height=\"12\" fill=\"none\" viewBox=\"0 0 12 12\">\n\t\t\t\t<path fill=\"#fff\" d=\"M2 0a2 2 0 0 0-2 2v2h1.5V2a.5.5 0 0 1 .5-.5h2V0H2Zm2 10.5H2a.5.5 0 0 1-.5-.5V8H0v2a2 2 0 0 0 2 2h2v-1.5ZM8 12v-1.5h2a.5.5 0 0 0 .5-.5V8H12v2a2 2 0 0 1-2 2H8Zm2-12a2 2 0 0 1 2 2v2h-1.5V2a.5.5 0 0 0-.5-.5H8V0h2Z\" \/>\n\t\t\t<\/svg>\n\t\t<\/button><\/figure>\n\n\n\n<figure class=\"wp-block-gallery has-nested-images columns-default is-cropped wp-block-gallery-2 is-layout-flex wp-block-gallery-is-layout-flex\">\n<figure data-wp-context=\"{&quot;imageId&quot;:&quot;69f5b958d1a66&quot;}\" data-wp-interactive=\"core\/image\" data-wp-key=\"69f5b958d1a66\" class=\"wp-block-image size-large wp-lightbox-container\"><img loading=\"lazy\" decoding=\"async\" width=\"1024\" height=\"726\" data-wp-class--hide=\"state.isContentHidden\" data-wp-class--show=\"state.isContentVisible\" data-wp-init=\"callbacks.setButtonStyles\" data-wp-on--click=\"actions.showLightbox\" data-wp-on--load=\"callbacks.setButtonStyles\" data-wp-on-window--resize=\"callbacks.setButtonStyles\" data-id=\"148\" src=\"https:\/\/www.jirimacak.cz\/wp-content\/uploads\/2023\/01\/20220605_184341_-1024x726.jpg\" alt=\"\" class=\"wp-image-148\" srcset=\"https:\/\/www.jirimacak.cz\/wp-content\/uploads\/2023\/01\/20220605_184341_-1024x726.jpg 1024w, https:\/\/www.jirimacak.cz\/wp-content\/uploads\/2023\/01\/20220605_184341_-300x213.jpg 300w, https:\/\/www.jirimacak.cz\/wp-content\/uploads\/2023\/01\/20220605_184341_-768x545.jpg 768w, https:\/\/www.jirimacak.cz\/wp-content\/uploads\/2023\/01\/20220605_184341_-1536x1090.jpg 1536w, https:\/\/www.jirimacak.cz\/wp-content\/uploads\/2023\/01\/20220605_184341_-2048x1453.jpg 2048w\" sizes=\"auto, (max-width: 1024px) 100vw, 1024px\" \/><button\n\t\t\tclass=\"lightbox-trigger\"\n\t\t\ttype=\"button\"\n\t\t\taria-haspopup=\"dialog\"\n\t\t\taria-label=\"Zv\u011bt\u0161it\"\n\t\t\tdata-wp-init=\"callbacks.initTriggerButton\"\n\t\t\tdata-wp-on--click=\"actions.showLightbox\"\n\t\t\tdata-wp-style--right=\"state.imageButtonRight\"\n\t\t\tdata-wp-style--top=\"state.imageButtonTop\"\n\t\t>\n\t\t\t<svg xmlns=\"http:\/\/www.w3.org\/2000\/svg\" width=\"12\" height=\"12\" fill=\"none\" viewBox=\"0 0 12 12\">\n\t\t\t\t<path fill=\"#fff\" d=\"M2 0a2 2 0 0 0-2 2v2h1.5V2a.5.5 0 0 1 .5-.5h2V0H2Zm2 10.5H2a.5.5 0 0 1-.5-.5V8H0v2a2 2 0 0 0 2 2h2v-1.5ZM8 12v-1.5h2a.5.5 0 0 0 .5-.5V8H12v2a2 2 0 0 1-2 2H8Zm2-12a2 2 0 0 1 2 2v2h-1.5V2a.5.5 0 0 0-.5-.5H8V0h2Z\" \/>\n\t\t\t<\/svg>\n\t\t<\/button><\/figure>\n<\/figure>\n\n\n\n<figure class=\"wp-block-embed is-type-video is-provider-youtube wp-block-embed-youtube wp-embed-aspect-4-3 wp-has-aspect-ratio\"><div class=\"wp-block-embed__wrapper\">\n<iframe loading=\"lazy\" title=\"J\u00edlov\u00e9 u Prahy 10.4.2011 (z &quot;husitsk\u00e9ho&quot; kostela C\u010cSH)\" width=\"750\" height=\"563\" src=\"https:\/\/www.youtube.com\/embed\/B4Eo1rLelg8?feature=oembed\" frameborder=\"0\" allow=\"accelerometer; autoplay; clipboard-write; encrypted-media; gyroscope; picture-in-picture; web-share\" referrerpolicy=\"strict-origin-when-cross-origin\" allowfullscreen><\/iframe>\n<\/div><\/figure>\n\n\n\n<figure class=\"wp-block-embed is-type-video is-provider-youtube wp-block-embed-youtube wp-embed-aspect-4-3 wp-has-aspect-ratio\"><div class=\"wp-block-embed__wrapper\">\n<iframe loading=\"lazy\" title=\"19. \u00fanora 2005 v J\u00edlov\u00e9m u Prahy\" width=\"750\" height=\"563\" src=\"https:\/\/www.youtube.com\/embed\/he3JMAhc42E?feature=oembed\" frameborder=\"0\" allow=\"accelerometer; autoplay; clipboard-write; encrypted-media; gyroscope; picture-in-picture; web-share\" referrerpolicy=\"strict-origin-when-cross-origin\" allowfullscreen><\/iframe>\n<\/div><\/figure>\n","protected":false},"excerpt":{"rendered":"","protected":false},"author":1,"featured_media":0,"parent":0,"menu_order":0,"comment_status":"closed","ping_status":"closed","template":"","meta":{"footnotes":""},"class_list":["post-33","page","type-page","status-publish","hentry"],"_links":{"self":[{"href":"https:\/\/www.jirimacak.cz\/index.php?rest_route=\/wp\/v2\/pages\/33","targetHints":{"allow":["GET"]}}],"collection":[{"href":"https:\/\/www.jirimacak.cz\/index.php?rest_route=\/wp\/v2\/pages"}],"about":[{"href":"https:\/\/www.jirimacak.cz\/index.php?rest_route=\/wp\/v2\/types\/page"}],"author":[{"embeddable":true,"href":"https:\/\/www.jirimacak.cz\/index.php?rest_route=\/wp\/v2\/users\/1"}],"replies":[{"embeddable":true,"href":"https:\/\/www.jirimacak.cz\/index.php?rest_route=%2Fwp%2Fv2%2Fcomments&post=33"}],"version-history":[{"count":7,"href":"https:\/\/www.jirimacak.cz\/index.php?rest_route=\/wp\/v2\/pages\/33\/revisions"}],"predecessor-version":[{"id":313,"href":"https:\/\/www.jirimacak.cz\/index.php?rest_route=\/wp\/v2\/pages\/33\/revisions\/313"}],"wp:attachment":[{"href":"https:\/\/www.jirimacak.cz\/index.php?rest_route=%2Fwp%2Fv2%2Fmedia&parent=33"}],"curies":[{"name":"wp","href":"https:\/\/api.w.org\/{rel}","templated":true}]}}