{"id":187,"date":"2023-04-15T18:32:20","date_gmt":"2023-04-15T18:32:20","guid":{"rendered":"https:\/\/www.jirimacak.cz\/?page_id=187"},"modified":"2025-02-02T20:41:44","modified_gmt":"2025-02-02T20:41:44","slug":"blizka-setkani","status":"publish","type":"page","link":"https:\/\/www.jirimacak.cz\/?page_id=187","title":{"rendered":"a bl\u00edzk\u00e1 setk\u00e1n\u00ed"},"content":{"rendered":"\n<p><\/p>\n\n\n\n<figure class=\"wp-block-image size-large\"><a href=\"https:\/\/famu.cz\/cs\/4118\/\" target=\"_blank\" rel=\"noreferrer noopener\"><img loading=\"lazy\" decoding=\"async\" width=\"1024\" height=\"533\" src=\"https:\/\/www.jirimacak.cz\/wp-content\/uploads\/2023\/04\/jiri-macak-kameraman-1024x533.jpg\" alt=\"\" class=\"wp-image-188\" srcset=\"https:\/\/www.jirimacak.cz\/wp-content\/uploads\/2023\/04\/jiri-macak-kameraman-1024x533.jpg 1024w, https:\/\/www.jirimacak.cz\/wp-content\/uploads\/2023\/04\/jiri-macak-kameraman-300x156.jpg 300w, https:\/\/www.jirimacak.cz\/wp-content\/uploads\/2023\/04\/jiri-macak-kameraman-768x400.jpg 768w, https:\/\/www.jirimacak.cz\/wp-content\/uploads\/2023\/04\/jiri-macak-kameraman.jpg 1433w\" sizes=\"auto, (max-width: 1024px) 100vw, 1024px\" \/><\/a><\/figure>\n\n\n\n<figure class=\"wp-block-image size-large\"><img loading=\"lazy\" decoding=\"async\" width=\"1024\" height=\"473\" src=\"https:\/\/www.jirimacak.cz\/wp-content\/uploads\/2024\/07\/1000044416-1024x473.jpg\" alt=\"\" class=\"wp-image-275\" srcset=\"https:\/\/www.jirimacak.cz\/wp-content\/uploads\/2024\/07\/1000044416-1024x473.jpg 1024w, https:\/\/www.jirimacak.cz\/wp-content\/uploads\/2024\/07\/1000044416-300x139.jpg 300w, https:\/\/www.jirimacak.cz\/wp-content\/uploads\/2024\/07\/1000044416-768x355.jpg 768w, https:\/\/www.jirimacak.cz\/wp-content\/uploads\/2024\/07\/1000044416-1536x710.jpg 1536w, https:\/\/www.jirimacak.cz\/wp-content\/uploads\/2024\/07\/1000044416-2048x946.jpg 2048w\" sizes=\"auto, (max-width: 1024px) 100vw, 1024px\" \/><\/figure>\n\n\n\n<figure class=\"wp-block-embed is-type-video is-provider-youtube wp-block-embed-youtube wp-embed-aspect-16-9 wp-has-aspect-ratio\"><div class=\"wp-block-embed__wrapper\">\n<iframe loading=\"lazy\" title=\"Michal Hr\u016fza - Hodiny\" width=\"750\" height=\"422\" src=\"https:\/\/www.youtube.com\/embed\/-132cYbjoFo?feature=oembed\" frameborder=\"0\" allow=\"accelerometer; autoplay; clipboard-write; encrypted-media; gyroscope; picture-in-picture; web-share\" referrerpolicy=\"strict-origin-when-cross-origin\" allowfullscreen><\/iframe>\n<\/div><\/figure>\n\n\n\n<figure class=\"wp-block-image size-full is-resized\"><img loading=\"lazy\" decoding=\"async\" width=\"1024\" height=\"496\" src=\"https:\/\/www.jirimacak.cz\/wp-content\/uploads\/2025\/02\/dna-ensteina_2502022051.jpg\" alt=\"\" class=\"wp-image-470\" style=\"width:1200px;height:auto\" srcset=\"https:\/\/www.jirimacak.cz\/wp-content\/uploads\/2025\/02\/dna-ensteina_2502022051.jpg 1024w, https:\/\/www.jirimacak.cz\/wp-content\/uploads\/2025\/02\/dna-ensteina_2502022051-300x145.jpg 300w, https:\/\/www.jirimacak.cz\/wp-content\/uploads\/2025\/02\/dna-ensteina_2502022051-768x372.jpg 768w\" sizes=\"auto, (max-width: 1024px) 100vw, 1024px\" \/><\/figure>\n\n\n\n<p><\/p>\n","protected":false},"excerpt":{"rendered":"","protected":false},"author":1,"featured_media":0,"parent":0,"menu_order":0,"comment_status":"closed","ping_status":"closed","template":"","meta":{"footnotes":""},"class_list":["post-187","page","type-page","status-publish","hentry"],"_links":{"self":[{"href":"https:\/\/www.jirimacak.cz\/index.php?rest_route=\/wp\/v2\/pages\/187","targetHints":{"allow":["GET"]}}],"collection":[{"href":"https:\/\/www.jirimacak.cz\/index.php?rest_route=\/wp\/v2\/pages"}],"about":[{"href":"https:\/\/www.jirimacak.cz\/index.php?rest_route=\/wp\/v2\/types\/page"}],"author":[{"embeddable":true,"href":"https:\/\/www.jirimacak.cz\/index.php?rest_route=\/wp\/v2\/users\/1"}],"replies":[{"embeddable":true,"href":"https:\/\/www.jirimacak.cz\/index.php?rest_route=%2Fwp%2Fv2%2Fcomments&post=187"}],"version-history":[{"count":9,"href":"https:\/\/www.jirimacak.cz\/index.php?rest_route=\/wp\/v2\/pages\/187\/revisions"}],"predecessor-version":[{"id":472,"href":"https:\/\/www.jirimacak.cz\/index.php?rest_route=\/wp\/v2\/pages\/187\/revisions\/472"}],"wp:attachment":[{"href":"https:\/\/www.jirimacak.cz\/index.php?rest_route=%2Fwp%2Fv2%2Fmedia&parent=187"}],"curies":[{"name":"wp","href":"https:\/\/api.w.org\/{rel}","templated":true}]}}